{"id":2965,"date":"2024-07-04T18:28:14","date_gmt":"2024-07-04T16:28:14","guid":{"rendered":"https:\/\/www.mammut-aktenvernichtung.de\/bl\/?page_id=2965"},"modified":"2024-07-23T13:24:57","modified_gmt":"2024-07-23T11:24:57","slug":"start","status":"publish","type":"page","link":"https:\/\/www.mammut-aktenvernichtung.de\/bl\/","title":{"rendered":"Startseite"},"content":{"rendered":"<div class=\"gb-container gb-container-e4d49f56\">\n<div class=\"gb-container gb-container-461b6f2b\">\n\n<h1 class=\"gb-headline gb-headline-3b95ac83 gb-headline-text\">MAMMUT Aktenvernichtung informiert:<\/h1>\n\n<\/div>\n<\/div>\n\n<section class=\"gb-container gb-container-8263659a hide-on-desktop hide-on-tablet\">\n\n<ul class=\"wp-block-list\">\n<li><a href=\"#datenschutz-videos\">Datenschutz-Videos: Experten beantworten Kundenfragen<\/a><\/li>\n\n\n\n<li><a href=\"#aktuelle-informationen\">Aktuelle Informationen Mammut Deutschland<\/a><\/li>\n\n\n\n<li><a href=\"#datenschutz-fachartikel\">Datenschutz-Fachartikel<\/a><\/li>\n<\/ul>\n\n<\/section>\n\n<div class=\"gb-container gb-container-e99be133\">\n<div class=\"gb-grid-wrapper gb-grid-wrapper-2647b3c5\">\n<div class=\"gb-grid-column gb-grid-column-0a92d178\"><section class=\"gb-container gb-container-0a92d178\" id=\"datenschutz-videos\">\n<div class=\"gb-container gb-container-b39d5464\">\n\n<figure class=\"gb-block-image gb-block-image-1992faba\"><a href=\"https:\/\/www.mammut-aktenvernichtung.de\/bl\/video\/\"><img loading=\"lazy\" decoding=\"async\" width=\"600\" height=\"600\" class=\"gb-image gb-image-1992faba\" src=\"https:\/\/www.mammut-aktenvernichtung.de\/bl\/wp-content\/uploads\/2024\/07\/videos_datenschutz_600.jpg\" alt=\"Datenschutz-Videos: Experten beantworten Kundenfragen\" title=\"videos_datenschutz_600\" srcset=\"https:\/\/www.mammut-aktenvernichtung.de\/bl\/wp-content\/uploads\/2024\/07\/videos_datenschutz_600.jpg 600w, https:\/\/www.mammut-aktenvernichtung.de\/bl\/wp-content\/uploads\/2024\/07\/videos_datenschutz_600-300x300.jpg 300w, https:\/\/www.mammut-aktenvernichtung.de\/bl\/wp-content\/uploads\/2024\/07\/videos_datenschutz_600-150x150.jpg 150w\" sizes=\"auto, (max-width: 600px) 100vw, 600px\" \/><\/a><\/figure>\n\n<\/div>\n\n<div class=\"gb-container gb-container-8906e999\">\n<div class=\"gb-container gb-container-bb6370f5\">\n\n<h2 class=\"gb-headline gb-headline-c8d7c9e7 gb-headline-text\">Antworten auf Kundenfragen<\/h2>\n\n<\/div>\n\n<div class=\"gb-container gb-container-9afa2ce6\">\n\n<p>Unsere Experten beantworten regelm\u00e4\u00dfig Kundenfragen und geben praxisnahe Tipps zu den wichtigsten Datenschutzthemen. Ob rechtliche Bestimmungen, praktische Umsetzung oder spezifische Anwendungsf\u00e4lle \u2013 unsere Videos liefern Ihnen fundiertes Wissen und konkrete Handlungsempfehlungen. Schauen Sie rein und bleiben Sie stets gut informiert, um die Datenschutzanforderungen in Ihrem Unternehmen erfolgreich umzusetzen und Ihre Daten optimal zu sch\u00fctzen.<\/p>\n\n<\/div>\n<\/div>\n\n<div class=\"gb-container gb-container-651ff2e3\">\n\n<a class=\"gb-button gb-button-191413fa gb-button-text\" href=\"https:\/\/www.mammut-aktenvernichtung.de\/bl\/video\/\">Zu den Videos<\/a>\n\n<\/div>\n<\/section><\/div>\n\n<div class=\"gb-grid-column gb-grid-column-6f418f3a\"><section class=\"gb-container gb-container-6f418f3a\" id=\"aktuelle-informationen\">\n<div class=\"gb-container gb-container-8fcf0028\">\n\n<figure class=\"gb-block-image gb-block-image-82eb915c\"><a href=\"https:\/\/www.mammut-aktenvernichtung.de\/bl\/aktuell\/\"><img loading=\"lazy\" decoding=\"async\" width=\"600\" height=\"600\" class=\"gb-image gb-image-82eb915c\" src=\"https:\/\/www.mammut-aktenvernichtung.de\/bl\/wp-content\/uploads\/2024\/07\/aktuelle_nachrichten_600.jpg\" alt=\"Aktuelle Informationen Mammut Deutschland\" title=\"aktuelle_nachrichten_600\" srcset=\"https:\/\/www.mammut-aktenvernichtung.de\/bl\/wp-content\/uploads\/2024\/07\/aktuelle_nachrichten_600.jpg 600w, https:\/\/www.mammut-aktenvernichtung.de\/bl\/wp-content\/uploads\/2024\/07\/aktuelle_nachrichten_600-300x300.jpg 300w, https:\/\/www.mammut-aktenvernichtung.de\/bl\/wp-content\/uploads\/2024\/07\/aktuelle_nachrichten_600-150x150.jpg 150w\" sizes=\"auto, (max-width: 600px) 100vw, 600px\" \/><\/a><\/figure>\n\n<\/div>\n\n<div class=\"gb-container gb-container-0ece57cd\">\n<div class=\"gb-container gb-container-08ccf823\">\n\n<h2 class=\"gb-headline gb-headline-7545fe8a gb-headline-text\">Aktuelle Informationen<\/h2>\n\n<\/div>\n\n<div class=\"gb-container gb-container-f0973072\">\n\n<p>In unserer Rubrik &#8220;Aktuelles&#8221; informieren wir Sie \u00fcber die neuesten Entwicklungen und Trends in der Aktenvernichtung. Wir stellen Ihnen interessante Projekte vor und informieren \u00fcber wichtige Neuigkeiten sowie innovative Technologien, welche die Branche pr\u00e4gen. Wir halten Sie auf dem Laufenden \u00fcber nachhaltige Verfahren, aktuelle Kooperationen und relevante Ereignisse, die Ihre Datensicherheit und Effizienz verbessern.<\/p>\n\n<\/div>\n<\/div>\n\n<div class=\"gb-container gb-container-53212a9a\">\n\n<a class=\"gb-button gb-button-cb6af3db gb-button-text\" href=\"https:\/\/www.mammut-aktenvernichtung.de\/bl\/aktuell\/\">Aktuelles<\/a>\n\n<\/div>\n<\/section><\/div>\n\n<div class=\"gb-grid-column gb-grid-column-ea9e5b48\"><section class=\"gb-container gb-container-ea9e5b48\" id=\"datenschutz-fachartikel\">\n<div class=\"gb-container gb-container-c2871f42\">\n\n<figure class=\"gb-block-image gb-block-image-c454d10c\"><a href=\"https:\/\/www.mammut-aktenvernichtung.de\/bl\/fachartikel\/\"><img loading=\"lazy\" decoding=\"async\" width=\"600\" height=\"600\" class=\"gb-image gb-image-c454d10c\" src=\"https:\/\/www.mammut-aktenvernichtung.de\/bl\/wp-content\/uploads\/2024\/07\/fachartikel_sw_600.jpg\" alt=\"Fachartikel zum Thema Datenschutz\" title=\"fachartikel_sw_600\" srcset=\"https:\/\/www.mammut-aktenvernichtung.de\/bl\/wp-content\/uploads\/2024\/07\/fachartikel_sw_600.jpg 600w, https:\/\/www.mammut-aktenvernichtung.de\/bl\/wp-content\/uploads\/2024\/07\/fachartikel_sw_600-300x300.jpg 300w, https:\/\/www.mammut-aktenvernichtung.de\/bl\/wp-content\/uploads\/2024\/07\/fachartikel_sw_600-150x150.jpg 150w\" sizes=\"auto, (max-width: 600px) 100vw, 600px\" \/><\/a><\/figure>\n\n<\/div>\n\n<div class=\"gb-container gb-container-2bf6772d\">\n<div class=\"gb-container gb-container-74fd1b6b\">\n\n<h2 class=\"gb-headline gb-headline-78f0b778 gb-headline-text\">Fachartikel zum Datenschutz<\/h2>\n\n<\/div>\n\n<div class=\"gb-container gb-container-76b2fa92\">\n\n<p>Unsere Fachartikel bieten Ihnen Einblicke in datenschutzrechtliche Themen. Hier finden Sie praxisnahe Empfehlungen von Experten, die Ihnen helfen, den komplexen Anforderungen der Datenschutz-Grundverordnung (DSGVO) gerecht zu werden. Ob innovative Technologien, rechtliche Entwicklungen oder spezifische Anwendungsf\u00e4lle \u2013 unsere Fachartikel halten Sie stets gut informiert und unterst\u00fctzen Sie dabei, datenschutzkonforme Prozesse in Ihrem Unternehmen zu etablieren.<\/p>\n\n<\/div>\n<\/div>\n\n<div class=\"gb-container gb-container-a4c21873\">\n\n<a class=\"gb-button gb-button-017b6d69 gb-button-text\" href=\"https:\/\/www.mammut-aktenvernichtung.de\/bl\/fachartikel\/\">Zu den Artikeln<\/a>\n\n<\/div>\n<\/section><\/div>\n<\/div>\n<\/div>","protected":false},"excerpt":{"rendered":"<p>MAMMUT Aktenvernichtung informiert:<\/p>\n","protected":false},"author":1,"featured_media":0,"parent":0,"menu_order":0,"comment_status":"closed","ping_status":"closed","template":"","meta":{"footnotes":""},"class_list":["post-2965","page","type-page","status-publish"],"yoast_head":"<!-- This site is optimized with the Yoast SEO plugin v27.3 - https:\/\/yoast.com\/product\/yoast-seo-wordpress\/ -->\n<title>MAMMUT Aktenvernichtung: Aktuelles, Fachartikel und Videos<\/title>\n<meta name=\"description\" content=\"Aktuelle Informationen, interessante Fachartikel zum Datenschutz und Expertenvideos auf MAMMUT-Aktenvernichtung.\" \/>\n<meta name=\"robots\" content=\"index, follow, max-snippet:-1, max-image-preview:large, max-video-preview:-1\" \/>\n<link rel=\"canonical\" href=\"https:\/\/www.mammut-aktenvernichtung.de\/bl\/\" \/>\n<meta property=\"og:locale\" content=\"de_DE\" \/>\n<meta property=\"og:type\" content=\"article\" \/>\n<meta property=\"og:title\" content=\"MAMMUT Aktenvernichtung: Aktuelles, Fachartikel und Videos\" \/>\n<meta property=\"og:description\" content=\"Aktuelle Informationen, interessante Fachartikel zum Datenschutz und Expertenvideos auf MAMMUT-Aktenvernichtung.\" \/>\n<meta property=\"og:url\" content=\"https:\/\/www.mammut-aktenvernichtung.de\/bl\/\" \/>\n<meta property=\"og:site_name\" content=\"MAMMUT Aktenvernichtung\" \/>\n<meta property=\"article:modified_time\" content=\"2024-07-23T11:24:57+00:00\" \/>\n<meta property=\"og:image\" content=\"https:\/\/www.mammut-aktenvernichtung.de\/bl\/wp-content\/uploads\/2024\/07\/videos_datenschutz_600.jpg\" \/>\n<meta name=\"twitter:card\" content=\"summary_large_image\" \/>\n<meta name=\"twitter:label1\" content=\"Gesch\u00e4tzte Lesezeit\" \/>\n\t<meta name=\"twitter:data1\" content=\"2\u00a0Minuten\" \/>\n<!-- \/ Yoast SEO plugin. -->","yoast_head_json":{"title":"MAMMUT Aktenvernichtung: Aktuelles, Fachartikel und Videos","description":"Aktuelle Informationen, interessante Fachartikel zum Datenschutz und Expertenvideos auf MAMMUT-Aktenvernichtung.","robots":{"index":"index","follow":"follow","max-snippet":"max-snippet:-1","max-image-preview":"max-image-preview:large","max-video-preview":"max-video-preview:-1"},"canonical":"https:\/\/www.mammut-aktenvernichtung.de\/bl\/","og_locale":"de_DE","og_type":"article","og_title":"MAMMUT Aktenvernichtung: Aktuelles, Fachartikel und Videos","og_description":"Aktuelle Informationen, interessante Fachartikel zum Datenschutz und Expertenvideos auf MAMMUT-Aktenvernichtung.","og_url":"https:\/\/www.mammut-aktenvernichtung.de\/bl\/","og_site_name":"MAMMUT Aktenvernichtung","article_modified_time":"2024-07-23T11:24:57+00:00","og_image":[{"url":"https:\/\/www.mammut-aktenvernichtung.de\/bl\/wp-content\/uploads\/2024\/07\/videos_datenschutz_600.jpg","type":"","width":"","height":""}],"twitter_card":"summary_large_image","twitter_misc":{"Gesch\u00e4tzte Lesezeit":"2\u00a0Minuten"},"schema":{"@context":"https:\/\/schema.org","@graph":[{"@type":"WebPage","@id":"https:\/\/www.mammut-aktenvernichtung.de\/bl\/","url":"https:\/\/www.mammut-aktenvernichtung.de\/bl\/","name":"MAMMUT Aktenvernichtung: Aktuelles, Fachartikel und Videos","isPartOf":{"@id":"https:\/\/www.mammut-aktenvernichtung.de\/bl\/#website"},"primaryImageOfPage":{"@id":"https:\/\/www.mammut-aktenvernichtung.de\/bl\/#primaryimage"},"image":{"@id":"https:\/\/www.mammut-aktenvernichtung.de\/bl\/#primaryimage"},"thumbnailUrl":"https:\/\/www.mammut-aktenvernichtung.de\/bl\/wp-content\/uploads\/2024\/07\/videos_datenschutz_600.jpg","datePublished":"2024-07-04T16:28:14+00:00","dateModified":"2024-07-23T11:24:57+00:00","description":"Aktuelle Informationen, interessante Fachartikel zum Datenschutz und Expertenvideos auf MAMMUT-Aktenvernichtung.","breadcrumb":{"@id":"https:\/\/www.mammut-aktenvernichtung.de\/bl\/#breadcrumb"},"inLanguage":"de","potentialAction":[{"@type":"ReadAction","target":["https:\/\/www.mammut-aktenvernichtung.de\/bl\/"]}]},{"@type":"ImageObject","inLanguage":"de","@id":"https:\/\/www.mammut-aktenvernichtung.de\/bl\/#primaryimage","url":"https:\/\/www.mammut-aktenvernichtung.de\/bl\/wp-content\/uploads\/2024\/07\/videos_datenschutz_600.jpg","contentUrl":"https:\/\/www.mammut-aktenvernichtung.de\/bl\/wp-content\/uploads\/2024\/07\/videos_datenschutz_600.jpg","width":600,"height":600,"caption":"Datenschutz-Videos: Experten beantworten Kundenfragen"},{"@type":"BreadcrumbList","@id":"https:\/\/www.mammut-aktenvernichtung.de\/bl\/#breadcrumb","itemListElement":[{"@type":"ListItem","position":1,"name":"Home","item":"https:\/\/www.mammut-aktenvernichtung.de\/bl\/"},{"@type":"ListItem","position":2,"name":"Startseite"}]},{"@type":"WebSite","@id":"https:\/\/www.mammut-aktenvernichtung.de\/bl\/#website","url":"https:\/\/www.mammut-aktenvernichtung.de\/bl\/","name":"MAMMUT Aktenvernichtung","description":"","publisher":{"@id":"https:\/\/www.mammut-aktenvernichtung.de\/bl\/#organization"},"potentialAction":[{"@type":"SearchAction","target":{"@type":"EntryPoint","urlTemplate":"https:\/\/www.mammut-aktenvernichtung.de\/bl\/?s={search_term_string}"},"query-input":{"@type":"PropertyValueSpecification","valueRequired":true,"valueName":"search_term_string"}}],"inLanguage":"de"},{"@type":"Organization","@id":"https:\/\/www.mammut-aktenvernichtung.de\/bl\/#organization","name":"MAMMUT Aktenvernichtung","url":"https:\/\/www.mammut-aktenvernichtung.de\/bl\/","logo":{"@type":"ImageObject","inLanguage":"de","@id":"https:\/\/www.mammut-aktenvernichtung.de\/bl\/#\/schema\/logo\/image\/","url":"https:\/\/www.mammut-aktenvernichtung.de\/bl\/wp-content\/uploads\/2024\/03\/MAMMUT_Datenvernichtung_rgb_weiss.png","contentUrl":"https:\/\/www.mammut-aktenvernichtung.de\/bl\/wp-content\/uploads\/2024\/03\/MAMMUT_Datenvernichtung_rgb_weiss.png","width":600,"height":412,"caption":"MAMMUT Aktenvernichtung"},"image":{"@id":"https:\/\/www.mammut-aktenvernichtung.de\/bl\/#\/schema\/logo\/image\/"}}]}},"_links":{"self":[{"href":"https:\/\/www.mammut-aktenvernichtung.de\/bl\/wp-json\/wp\/v2\/pages\/2965","targetHints":{"allow":["GET"]}}],"collection":[{"href":"https:\/\/www.mammut-aktenvernichtung.de\/bl\/wp-json\/wp\/v2\/pages"}],"about":[{"href":"https:\/\/www.mammut-aktenvernichtung.de\/bl\/wp-json\/wp\/v2\/types\/page"}],"author":[{"embeddable":true,"href":"https:\/\/www.mammut-aktenvernichtung.de\/bl\/wp-json\/wp\/v2\/users\/1"}],"replies":[{"embeddable":true,"href":"https:\/\/www.mammut-aktenvernichtung.de\/bl\/wp-json\/wp\/v2\/comments?post=2965"}],"version-history":[{"count":53,"href":"https:\/\/www.mammut-aktenvernichtung.de\/bl\/wp-json\/wp\/v2\/pages\/2965\/revisions"}],"predecessor-version":[{"id":3678,"href":"https:\/\/www.mammut-aktenvernichtung.de\/bl\/wp-json\/wp\/v2\/pages\/2965\/revisions\/3678"}],"wp:attachment":[{"href":"https:\/\/www.mammut-aktenvernichtung.de\/bl\/wp-json\/wp\/v2\/media?parent=2965"}],"curies":[{"name":"wp","href":"https:\/\/api.w.org\/{rel}","templated":true}]}}